{"id":28,"date":"2018-07-17T19:21:44","date_gmt":"2018-07-17T17:21:44","guid":{"rendered":"http:\/\/minisvetukrtecka.cz\/domains\/minisvetukrtecka.cz\/ricany\/?page_id=28"},"modified":"2025-09-07T15:17:42","modified_gmt":"2025-09-07T13:17:42","slug":"cenik","status":"publish","type":"page","link":"https:\/\/minisvetukrtecka.cz\/ricany\/cenik\/","title":{"rendered":"Cen\u00edk"},"content":{"rendered":"<p>&#8211; Dotovan\u00e9 \u0161koln\u00e9 a stravn\u00e9 je poskytnuto pouze za spln\u011bn\u00fdch podm\u00ednek MPSV, podm\u00ednky naleznete v provozn\u00edch \u0159\u00e1dech, viz.<span style=\"color: #ffffff;\"><strong> <a style=\"color: #ffffff;\" href=\"https:\/\/minisvetukrtecka.cz\/ricany\/wp-content\/uploads\/sites\/3\/2025\/09\/Provozni-rad-Ricany-2025-2026-MPSV.doc\">Provozn\u00ed-\u0159\u00e1d-\u0158\u00ed\u010dany-2025-2026 MPSV<\/a><\/strong><\/span><\/p>\n\n\n<p><\/p>\n","protected":false},"excerpt":{"rendered":"<p>&#8211; Dotovan\u00e9 \u0161koln\u00e9 a stravn\u00e9 je poskytnuto pouze za spln\u011bn\u00fdch podm\u00ednek MPSV, podm\u00ednky naleznete v provozn\u00edch \u0159\u00e1dech, viz. Provozn\u00ed-\u0159\u00e1d-\u0158\u00ed\u010dany-2025-2026 MPSV<\/p>\n","protected":false},"author":1,"featured_media":0,"parent":0,"menu_order":0,"comment_status":"closed","ping_status":"closed","template":"","meta":{"footnotes":""},"class_list":["post-28","page","type-page","status-publish","hentry"],"_links":{"self":[{"href":"https:\/\/minisvetukrtecka.cz\/ricany\/wp-json\/wp\/v2\/pages\/28","targetHints":{"allow":["GET"]}}],"collection":[{"href":"https:\/\/minisvetukrtecka.cz\/ricany\/wp-json\/wp\/v2\/pages"}],"about":[{"href":"https:\/\/minisvetukrtecka.cz\/ricany\/wp-json\/wp\/v2\/types\/page"}],"author":[{"embeddable":true,"href":"https:\/\/minisvetukrtecka.cz\/ricany\/wp-json\/wp\/v2\/users\/1"}],"replies":[{"embeddable":true,"href":"https:\/\/minisvetukrtecka.cz\/ricany\/wp-json\/wp\/v2\/comments?post=28"}],"version-history":[{"count":35,"href":"https:\/\/minisvetukrtecka.cz\/ricany\/wp-json\/wp\/v2\/pages\/28\/revisions"}],"predecessor-version":[{"id":1680,"href":"https:\/\/minisvetukrtecka.cz\/ricany\/wp-json\/wp\/v2\/pages\/28\/revisions\/1680"}],"wp:attachment":[{"href":"https:\/\/minisvetukrtecka.cz\/ricany\/wp-json\/wp\/v2\/media?parent=28"}],"curies":[{"name":"wp","href":"https:\/\/api.w.org\/{rel}","templated":true}]}}