{"id":25,"date":"2018-07-17T19:21:34","date_gmt":"2018-07-17T17:21:34","guid":{"rendered":"http:\/\/minisvetukrtecka.cz\/domains\/minisvetukrtecka.cz\/ricany\/?page_id=25"},"modified":"2026-05-09T23:18:11","modified_gmt":"2026-05-09T21:18:11","slug":"jidelni-listek","status":"publish","type":"page","link":"https:\/\/minisvetukrtecka.cz\/ricany\/jidelni-listek\/","title":{"rendered":"J\u00eddeln\u00ed l\u00edstek"},"content":{"rendered":"<p><strong><span style=\"color: #ff6600;\">11.05<\/span><\/strong><strong><span style=\"color: #ff6600;\">.2026 &#8211; Pond\u011bl\u00ed<\/span><\/strong><\/p>\n<div>\n<div>1. sva\u010dinka: cornflakes s ml\u00e9kem, jablko, \u010daj \u2013 01, 07<\/div>\n<div>2. ob\u011bd: pol\u00e9vka: zeleninov\u00e1 s t\u011bstovinou<\/div>\n<div>zeleninov\u00e9 medailonky, smetanov\u00e9 brambory, kompot \u2013 01, 03, 07, 09<\/div>\n<div>3. p\u0159esn\u00edd\u00e1vka:\u00a0 veka, pomaz\u00e1nka budape\u0161\u0165, okurka, \u010daj \u2013 01, 03, 07, 10<\/div>\n<\/div>\n<p><strong style=\"font-size: revert; color: initial;\"><span style=\"color: #ff6600;\">12.05<\/span><\/strong><strong style=\"font-size: revert; color: initial;\"><span style=\"color: #ff6600;\">.2026 &#8211; \u00dater\u00fd<\/span><\/strong><\/p>\n<div>\n<div>1. sva\u010dinka: chl\u00e9b s m\u00e1slem, ban\u00e1n, ml\u00e9ko, \u010daj \u2013 01, 07<\/div>\n<div>\u00a0 \u00a0<\/div>\n<div>Strava zaji\u0161t\u011bna na v\u00fdlet\u011b<\/div>\n<div>\u00a0<\/div>\n<\/div>\n<p><strong style=\"font-size: revert; color: initial;\"><span style=\"color: #ff6600;\">13.05.2026 &#8211; St\u0159eda<\/span><\/strong><\/p>\n<div>\n<div>1. sva\u010dinka: \u017eitn\u00fd chl\u00e9b, pomaz\u00e1nkov\u00e9 m\u00e1slo, ledov\u00fd sal\u00e1t, \u010daj \u2013 01, 07<\/div>\n<div>2. ob\u011bd: pol\u00e9vka: rajsk\u00e1<\/div>\n<div>sekan\u00e1, \u0161\u0165ouchan\u00e9 brambory, kysel\u00e1 okurka \u2013 01, 03, 10<\/div>\n<div>3. p\u0159esn\u00edd\u00e1vka: v\u00e1no\u010dka, m\u00e1slo, hru\u0161ka, ml\u00e9ko, \u010daj \u2013 01, 03, 07, 08<\/div>\n<\/div>\n<p><strong style=\"font-size: revert; color: initial;\"><span style=\"color: #ff6600;\">14<\/span><\/strong><strong style=\"font-size: revert; color: initial;\"><span style=\"color: #ff6600;\">.05.2026 &#8211; \u010ctvrtek<\/span><\/strong><\/p>\n<div>\n<div>1. sva\u010dinka: jogurt, chrumky, ovoce, \u010daj \u2013 01, 07 <br \/>2. ob\u011bd: pol\u00e9vka: vep\u0159ov\u00e1 s krupkami <br \/>hov\u011bz\u00ed tok\u00e1\u0148, t\u011bstoviny \u2013 01, 03, 09, 12 <br \/>3. p\u0159esn\u00edd\u00e1vka: rohl\u00edk se \u0161unkou, raj\u010de, ml\u00e9ko, \u010daj \u2013 01, 07<\/div>\n<div>\u00a0<\/div>\n<\/div>\n<p><strong style=\"font-size: revert; color: initial;\"><span style=\"color: #ff6600;\">15.05.2026 &#8211; P\u00e1tek<\/span><\/strong><\/p>\n<div>1. sva\u010dinka: r\u00fd\u017eov\u00fd chl\u00e9b, smetanov\u00fd s\u00fdr, karotka, ml\u00e9ko, \u010daj \u2013 01, 07 <br \/>2. ob\u011bd: pol\u00e9vka: hov\u011bz\u00ed s r\u00fd\u017e\u00ed <br \/>ku\u0159ec\u00ed \u0159\u00edzek, bramborov\u00e1 ka\u0161e, kompot \u2013 01, 03, 07, 09 <br \/>3. p\u0159esn\u00edd\u00e1vka: chl\u00e9b s bylinkov\u00fdm m\u00e1slem, pomeran\u010d, \u010daj \u2013 01, 07, 09, 10<\/div>\n<p><span style=\"font-size: inherit;\">V\u0161echny alergeny naleznete zde: <\/span><span style=\"color: #ffffff;\"><a style=\"color: #ffffff;\" href=\"http:\/\/minisvetukrtecka.cz\/ricany\/wp-content\/uploads\/sites\/3\/2018\/10\/alergeny.pdf\">alergeny<\/a><\/span><\/p>\n\n\n<p><\/p>\n","protected":false},"excerpt":{"rendered":"<p>11.05.2026 &#8211; Pond\u011bl\u00ed 1. sva\u010dinka: cornflakes s ml\u00e9kem, jablko, \u010daj \u2013 01, 07 2. ob\u011bd: pol\u00e9vka: zeleninov\u00e1 s t\u011bstovinou zeleninov\u00e9 medailonky, smetanov\u00e9 brambory, kompot \u2013 01, 03, 07, 09 3. p\u0159esn\u00edd\u00e1vka:\u00a0 veka, pomaz\u00e1nka budape\u0161\u0165, okurka, \u010daj \u2013 01, 03, 07, 10 12.05.2026 &#8211; \u00dater\u00fd 1. sva\u010dinka: chl\u00e9b s m\u00e1slem, ban\u00e1n, ml\u00e9ko, \u010daj \u2013 01, 07 [&hellip;]<\/p>\n","protected":false},"author":1,"featured_media":0,"parent":0,"menu_order":0,"comment_status":"closed","ping_status":"closed","template":"","meta":{"footnotes":""},"class_list":["post-25","page","type-page","status-publish","hentry"],"_links":{"self":[{"href":"https:\/\/minisvetukrtecka.cz\/ricany\/wp-json\/wp\/v2\/pages\/25","targetHints":{"allow":["GET"]}}],"collection":[{"href":"https:\/\/minisvetukrtecka.cz\/ricany\/wp-json\/wp\/v2\/pages"}],"about":[{"href":"https:\/\/minisvetukrtecka.cz\/ricany\/wp-json\/wp\/v2\/types\/page"}],"author":[{"embeddable":true,"href":"https:\/\/minisvetukrtecka.cz\/ricany\/wp-json\/wp\/v2\/users\/1"}],"replies":[{"embeddable":true,"href":"https:\/\/minisvetukrtecka.cz\/ricany\/wp-json\/wp\/v2\/comments?post=25"}],"version-history":[{"count":414,"href":"https:\/\/minisvetukrtecka.cz\/ricany\/wp-json\/wp\/v2\/pages\/25\/revisions"}],"predecessor-version":[{"id":1799,"href":"https:\/\/minisvetukrtecka.cz\/ricany\/wp-json\/wp\/v2\/pages\/25\/revisions\/1799"}],"wp:attachment":[{"href":"https:\/\/minisvetukrtecka.cz\/ricany\/wp-json\/wp\/v2\/media?parent=25"}],"curies":[{"name":"wp","href":"https:\/\/api.w.org\/{rel}","templated":true}]}}