{"id":14,"date":"2018-07-17T17:12:52","date_gmt":"2018-07-17T15:12:52","guid":{"rendered":"http:\/\/minisvetukrtecka.cz\/domains\/minisvetukrtecka.cz\/skolka2\/?page_id=14"},"modified":"2026-01-26T20:00:09","modified_gmt":"2026-01-26T19:00:09","slug":"kontakt","status":"publish","type":"page","link":"https:\/\/minisvetukrtecka.cz\/ricany\/kontakt\/","title":{"rendered":"Kontakt"},"content":{"rendered":"<p><iframe loading=\"lazy\" style=\"border: 0;\" src=\"https:\/\/www.google.com\/maps\/embed?pb=!1m18!1m12!1m3!1d2564.680225672314!2d14.67028601586485!3d49.99860442769962!2m3!1f0!2f0!3f0!3m2!1i1024!2i768!4f13.1!3m3!1m2!1s0x470b8be1a5b61b45%3A0x7d6888e7241b07af!2zSHVzb3ZhIDUwMC84LCBSYWRvxaFvdmljZSwgMjUxIDAxIMWYw63EjWFueQ!5e0!3m2!1scs!2scz!4v1531882036411\" width=\"70%\" height=\"450\" frameborder=\"0\" allowfullscreen=\"allowfullscreen\"><span data-mce-type=\"bookmark\" style=\"display: inline-block; width: 0px; overflow: hidden; line-height: 0;\" class=\"mce_SELRES_start\">\ufeff<\/span><\/iframe><\/p>\n<p><strong><span style=\"color: #ff6600;\">Minisv\u011bt U Krte\u010dka, d\u011btsk\u00e1 skupina \u0158\u00ed\u010dany, Husova 500\/8, \u0158\u00ed\u010dany, PS\u010c 251 01<\/span><\/strong><\/p>\n<p>I\u010cO:\u00a0 05507901,\u00a0DI\u010c:\u00a0CZ05507901<\/p>\n<p><strong><span style=\"color: #ff6600;\">Spojen\u00ed:<\/span><\/strong><\/p>\n<p>Stanislav St\u00e1rek &#8211; provozn\u00ed mana\u017eer: 727873411 \/ musk-zs@seznam.cz<\/p>\n<p>provozovna: 734309293<\/p>\n<p><strong><span style=\"color: #ff6600;\">ID datov\u00e9 schr\u00e1nky:<\/span> <\/strong>i439m4m<\/p>\n<p><strong><span style=\"color: #ff6600;\">Bankovn\u00ed spojen\u00ed: <\/span><\/strong>246253075\/0600<\/p>\n","protected":false},"excerpt":{"rendered":"<p>\ufeff Minisv\u011bt U Krte\u010dka, d\u011btsk\u00e1 skupina \u0158\u00ed\u010dany, Husova 500\/8, \u0158\u00ed\u010dany, PS\u010c 251 01 I\u010cO:\u00a0 05507901,\u00a0DI\u010c:\u00a0CZ05507901 Spojen\u00ed: Stanislav St\u00e1rek &#8211; provozn\u00ed mana\u017eer: 727873411 \/ musk-zs@seznam.cz provozovna: 734309293 ID datov\u00e9 schr\u00e1nky: i439m4m Bankovn\u00ed spojen\u00ed: 246253075\/0600<\/p>\n","protected":false},"author":1,"featured_media":0,"parent":0,"menu_order":5,"comment_status":"closed","ping_status":"closed","template":"","meta":{"footnotes":""},"class_list":["post-14","page","type-page","status-publish","hentry"],"_links":{"self":[{"href":"https:\/\/minisvetukrtecka.cz\/ricany\/wp-json\/wp\/v2\/pages\/14","targetHints":{"allow":["GET"]}}],"collection":[{"href":"https:\/\/minisvetukrtecka.cz\/ricany\/wp-json\/wp\/v2\/pages"}],"about":[{"href":"https:\/\/minisvetukrtecka.cz\/ricany\/wp-json\/wp\/v2\/types\/page"}],"author":[{"embeddable":true,"href":"https:\/\/minisvetukrtecka.cz\/ricany\/wp-json\/wp\/v2\/users\/1"}],"replies":[{"embeddable":true,"href":"https:\/\/minisvetukrtecka.cz\/ricany\/wp-json\/wp\/v2\/comments?post=14"}],"version-history":[{"count":18,"href":"https:\/\/minisvetukrtecka.cz\/ricany\/wp-json\/wp\/v2\/pages\/14\/revisions"}],"predecessor-version":[{"id":1743,"href":"https:\/\/minisvetukrtecka.cz\/ricany\/wp-json\/wp\/v2\/pages\/14\/revisions\/1743"}],"wp:attachment":[{"href":"https:\/\/minisvetukrtecka.cz\/ricany\/wp-json\/wp\/v2\/media?parent=14"}],"curies":[{"name":"wp","href":"https:\/\/api.w.org\/{rel}","templated":true}]}}