{"id":195,"date":"2018-10-14T11:05:50","date_gmt":"2018-10-14T09:05:50","guid":{"rendered":"http:\/\/minisvetukrtecka.cz\/chyne\/?page_id=195"},"modified":"2026-02-07T10:42:07","modified_gmt":"2026-02-07T09:42:07","slug":"krouzky","status":"publish","type":"page","link":"https:\/\/minisvetukrtecka.cz\/krenice\/krouzky\/","title":{"rendered":"Krou\u017eky"},"content":{"rendered":"<div dir=\"ltr\"><img decoding=\"async\" class=\"an1\" draggable=\"false\" src=\"https:\/\/fonts.gstatic.com\/s\/e\/notoemoji\/16.0\/1f31e\/72.png\" alt=\"\ud83c\udf1e\" data-emoji=\"\ud83c\udf1e\" aria-label=\"\ud83c\udf1e\" \/>\u00a0Letn\u00ed p\u0159\u00edm\u011bstsk\u00e9 t\u00e1bory u n\u00e1s ve \u0161kolce\u00a0<img decoding=\"async\" class=\"an1\" draggable=\"false\" src=\"https:\/\/fonts.gstatic.com\/s\/e\/notoemoji\/16.0\/1f31e\/72.png\" alt=\"\ud83c\udf1e\" data-emoji=\"\ud83c\udf1e\" aria-label=\"\ud83c\udf1e\" \/><\/div>\n<div id=\"m_7509131854472688266AppleMailSignature\" dir=\"ltr\"><\/div>\n<div id=\"m_7509131854472688266AppleMailSignature\" dir=\"ltr\">B\u011bhem letn\u00edch pr\u00e1zdnin budeme m\u00edt otev\u0159enou \u0161kolku i pro d\u011bti, kter\u00e9 k n\u00e1m b\u011b\u017en\u011b nedoch\u00e1z\u00ed \u2013 a to formou p\u0159\u00edm\u011bstsk\u00fdch t\u00e1bor\u016f v \u010dase 7:00\u201317:00.<\/div>\n<div id=\"m_7509131854472688266AppleMailSignature\" dir=\"ltr\"><\/div>\n<div id=\"m_7509131854472688266AppleMailSignature\" dir=\"ltr\">Pro d\u011bti bude p\u0159ipraven pestr\u00fd a tvo\u0159iv\u00fd program, pln\u00fd her, pohybu, tvo\u0159en\u00ed, pobytu venku i z\u00e1bavn\u00fdch aktivit p\u0159izp\u016fsoben\u00fdch v\u011bku d\u011bt\u00ed. Na\u0161\u00edm c\u00edlem je, aby si d\u011bti l\u00e9to u\u017eily v pohodov\u00e9, p\u0159\u00e1telsk\u00e9 atmosf\u00e9\u0159e a odch\u00e1zely dom\u016f s \u00fasm\u011bvem\u00a0<img decoding=\"async\" class=\"an1\" draggable=\"false\" src=\"https:\/\/fonts.gstatic.com\/s\/e\/notoemoji\/16.0\/1f60a\/72.png\" alt=\"\ud83d\ude0a\" data-emoji=\"\ud83d\ude0a\" aria-label=\"\ud83d\ude0a\" \/><\/div>\n<div id=\"m_7509131854472688266AppleMailSignature\" dir=\"ltr\"><\/div>\n<div id=\"m_7509131854472688266AppleMailSignature\" dir=\"ltr\"><img decoding=\"async\" class=\"an1\" draggable=\"false\" src=\"https:\/\/fonts.gstatic.com\/s\/e\/notoemoji\/16.0\/1f4b0\/72.png\" alt=\"\ud83d\udcb0\" data-emoji=\"\ud83d\udcb0\" aria-label=\"\ud83d\udcb0\" \/>\u00a0Cena:<\/div>\n<div id=\"m_7509131854472688266AppleMailSignature\" dir=\"ltr\">\u20222 500 K\u010d \/ d\u00edt\u011b \/ t\u00fdden<\/div>\n<div id=\"m_7509131854472688266AppleMailSignature\" dir=\"ltr\">\u2022Sourozenec: 2 000 K\u010d \/ t\u00fdden<\/div>\n<div id=\"m_7509131854472688266AppleMailSignature\" dir=\"ltr\">\u2022Dv\u011b d\u011bti dohromady: 3 500 K\u010d \/ t\u00fdden<\/div>\n<div id=\"m_7509131854472688266AppleMailSignature\" dir=\"ltr\"><\/div>\n<div id=\"m_7509131854472688266AppleMailSignature\" dir=\"ltr\"><img decoding=\"async\" class=\"an1\" draggable=\"false\" src=\"https:\/\/fonts.gstatic.com\/s\/e\/notoemoji\/16.0\/1f37d_fe0f\/72.png\" alt=\"\ud83c\udf7d\ufe0f\" data-emoji=\"\ud83c\udf7d\ufe0f\" aria-label=\"\ud83c\udf7d\ufe0f\" \/>\u00a0V cen\u011b je zahrnuto:<\/div>\n<div id=\"m_7509131854472688266AppleMailSignature\" dir=\"ltr\">\u2022dopoledn\u00ed sva\u010dina<\/div>\n<div id=\"m_7509131854472688266AppleMailSignature\" dir=\"ltr\">\u2022ob\u011bd<\/div>\n<div id=\"m_7509131854472688266AppleMailSignature\" dir=\"ltr\">\u2022odpoledn\u00ed sva\u010dina<\/div>\n<div id=\"m_7509131854472688266AppleMailSignature\" dir=\"ltr\"><\/div>\n<div id=\"m_7509131854472688266AppleMailSignature\" dir=\"ltr\">Kapacita je omezen\u00e1, proto doporu\u010dujeme v\u010dasnou rezervaci m\u00edsta.<\/div>\n<div id=\"m_7509131854472688266AppleMailSignature\" dir=\"ltr\">V p\u0159\u00edpad\u011b z\u00e1jmu n\u00e1s nev\u00e1hejte kontaktovat \u2013 r\u00e1di v\u00e1m poskytneme v\u00edce informac\u00ed\u00a0<img decoding=\"async\" class=\"an1\" draggable=\"false\" src=\"https:\/\/fonts.gstatic.com\/s\/e\/notoemoji\/16.0\/1f33c\/72.png\" alt=\"\ud83c\udf3c\" data-emoji=\"\ud83c\udf3c\" aria-label=\"\ud83c\udf3c\" \/><\/div>\n<p><strong><span style=\"color: #ff6600;\">Pond\u011bl\u00ed &#8211; Tane\u010dky<\/span><\/strong><\/p>\n<p><em>Navozujeme dobrou n\u00e1ladu, vyjad\u0159ujeme vlastn\u00ed pocity za pomoci tance.<\/em><\/p>\n<p><strong><span style=\"color: #ff6600;\">\u00dater\u00fd &#8211;\u00a0 J\u00f3ga<\/span><\/strong><\/p>\n<p><em>Pr\u00e1ce s vlastn\u00edm t\u011blem a zklidn\u011bn\u00ed mysli. Obnoven\u00ed spojen\u00ed individu\u00e1ln\u00edho J\u00e1 s univers\u00e1ln\u00edm Byt\u00edm.<\/em><\/p>\n<p><strong><span style=\"color: #ff6600;\">St\u0159eda &#8211; Zp\u00edv\u00e1nky<br \/>\n<\/span><\/strong><\/p>\n<p><em>Hravou formou tr\u00e9nujeme pam\u011b\u0165, rytmus, logopedii, v\u0161e za doprovodu hudebn\u00edch n\u00e1stroj\u016f.<\/em><\/p>\n<p><strong><span style=\"color: #ff6600;\">\u010ctvrtek &#8211; D\u00edlni\u010dky<\/span><\/strong><\/p>\n<p><em>V\u00fdtvarn\u00e1 a pracovn\u00ed \u010dinnost s d\u011btmi, z r\u016fzn\u00fdch materi\u00e1l\u016f v\u010detn\u011b p\u0159\u00edrodnin. Rozvoj jemn\u00e9 motoriky, fantazie a tv\u016fr\u010d\u00edho c\u00edt\u011bn\u00ed.<\/em><\/p>\n<p><strong><span style=\"color: #ff6600;\">P\u00e1tek &#8211; Va\u0159en\u00ed<\/span><\/strong><\/p>\n<p><em>Polytechnick\u00e1 v\u00fdchova s c\u00edlem rozv\u00edjet\u00a0psychomotorickou zru\u010dnost a sebeobsluhu.<\/em><\/p>\n","protected":false},"excerpt":{"rendered":"<p>\u00a0Letn\u00ed p\u0159\u00edm\u011bstsk\u00e9 t\u00e1bory u n\u00e1s ve \u0161kolce\u00a0 B\u011bhem letn\u00edch pr\u00e1zdnin budeme m\u00edt otev\u0159enou \u0161kolku i pro d\u011bti, kter\u00e9 k n\u00e1m b\u011b\u017en\u011b nedoch\u00e1z\u00ed \u2013 a to formou p\u0159\u00edm\u011bstsk\u00fdch t\u00e1bor\u016f v \u010dase 7:00\u201317:00. Pro d\u011bti bude p\u0159ipraven pestr\u00fd a tvo\u0159iv\u00fd program, pln\u00fd her, pohybu, tvo\u0159en\u00ed, pobytu venku i z\u00e1bavn\u00fdch aktivit p\u0159izp\u016fsoben\u00fdch v\u011bku d\u011bt\u00ed. Na\u0161\u00edm c\u00edlem je, aby [&hellip;]<\/p>\n","protected":false},"author":2,"featured_media":0,"parent":0,"menu_order":0,"comment_status":"closed","ping_status":"closed","template":"","meta":{"footnotes":""},"class_list":["post-195","page","type-page","status-publish","hentry"],"_links":{"self":[{"href":"https:\/\/minisvetukrtecka.cz\/krenice\/wp-json\/wp\/v2\/pages\/195","targetHints":{"allow":["GET"]}}],"collection":[{"href":"https:\/\/minisvetukrtecka.cz\/krenice\/wp-json\/wp\/v2\/pages"}],"about":[{"href":"https:\/\/minisvetukrtecka.cz\/krenice\/wp-json\/wp\/v2\/types\/page"}],"author":[{"embeddable":true,"href":"https:\/\/minisvetukrtecka.cz\/krenice\/wp-json\/wp\/v2\/users\/2"}],"replies":[{"embeddable":true,"href":"https:\/\/minisvetukrtecka.cz\/krenice\/wp-json\/wp\/v2\/comments?post=195"}],"version-history":[{"count":3,"href":"https:\/\/minisvetukrtecka.cz\/krenice\/wp-json\/wp\/v2\/pages\/195\/revisions"}],"predecessor-version":[{"id":1680,"href":"https:\/\/minisvetukrtecka.cz\/krenice\/wp-json\/wp\/v2\/pages\/195\/revisions\/1680"}],"wp:attachment":[{"href":"https:\/\/minisvetukrtecka.cz\/krenice\/wp-json\/wp\/v2\/media?parent=195"}],"curies":[{"name":"wp","href":"https:\/\/api.w.org\/{rel}","templated":true}]}}