{"id":13,"date":"2018-07-17T17:18:48","date_gmt":"2018-07-17T15:18:48","guid":{"rendered":"http:\/\/minisvetukrtecka.cz\/domains\/minisvetukrtecka.cz\/skolka4\/?page_id=13"},"modified":"2026-01-26T20:01:35","modified_gmt":"2026-01-26T19:01:35","slug":"kontakt","status":"publish","type":"page","link":"https:\/\/minisvetukrtecka.cz\/krenice\/kontakt\/","title":{"rendered":"Kontakt"},"content":{"rendered":"<p><iframe loading=\"lazy\" style=\"border: 0;\" src=\"https:\/\/www.google.com\/maps\/embed?pb=!1m18!1m12!1m3!1d2563.0619191033934!2d14.678009876377502!3d50.02893557151478!2m3!1f0!2f0!3f0!3m2!1i1024!2i768!4f13.1!3m3!1m2!1s0x470b8b9ae77955cb%3A0x8999b5576c2057c7!2zT2tydcW-bsOtIDI1OSwgMjUwIDg0IEvFmWVuaWNlLVNpYsWZaW5h!5e0!3m2!1scs!2scz!4v1767444173806!5m2!1scs!2scz\" width=\"600\" height=\"450\" allowfullscreen=\"allowfullscreen\"><\/iframe><\/p>\n<p><strong><span style=\"color: #ff6600;\">Minisv\u011bt U Krte\u010dka, d\u011btsk\u00e1 skupina K\u0159enice, Okru\u017en\u00ed 259, K\u0159enice, PS\u010c 250 84<\/span><\/strong><\/p>\n<p>I\u010cO:\u00a0 05507901, DI\u010c: CZ0550790<\/p>\n<p><strong><span style=\"color: #ff6600;\">Spojen\u00ed:<\/span><\/strong><\/p>\n<p>Stanislav St\u00e1rek &#8211; provozn\u00ed mana\u017eer: 727873411 \/ musk-zs@seznam.cz<\/p>\n<p>provozovna: 725935836<\/p>\n<p><strong><span style=\"color: #ff6600;\">ID datov\u00e9 schr\u00e1nky:<\/span> <\/strong>fusud5h<\/p>\n<p><strong><span style=\"color: #ff6600;\">Bankovn\u00ed spojen\u00ed: <\/span><\/strong>246253075\/0600<\/p>\n","protected":false},"excerpt":{"rendered":"<p>Minisv\u011bt U Krte\u010dka, d\u011btsk\u00e1 skupina K\u0159enice, Okru\u017en\u00ed 259, K\u0159enice, PS\u010c 250 84 I\u010cO:\u00a0 05507901, DI\u010c: CZ0550790 Spojen\u00ed: Stanislav St\u00e1rek &#8211; provozn\u00ed mana\u017eer: 727873411 \/ musk-zs@seznam.cz provozovna: 725935836 ID datov\u00e9 schr\u00e1nky: fusud5h Bankovn\u00ed spojen\u00ed: 246253075\/0600<\/p>\n","protected":false},"author":1,"featured_media":0,"parent":0,"menu_order":5,"comment_status":"closed","ping_status":"closed","template":"","meta":{"footnotes":""},"class_list":["post-13","page","type-page","status-publish","hentry"],"_links":{"self":[{"href":"https:\/\/minisvetukrtecka.cz\/krenice\/wp-json\/wp\/v2\/pages\/13","targetHints":{"allow":["GET"]}}],"collection":[{"href":"https:\/\/minisvetukrtecka.cz\/krenice\/wp-json\/wp\/v2\/pages"}],"about":[{"href":"https:\/\/minisvetukrtecka.cz\/krenice\/wp-json\/wp\/v2\/types\/page"}],"author":[{"embeddable":true,"href":"https:\/\/minisvetukrtecka.cz\/krenice\/wp-json\/wp\/v2\/users\/1"}],"replies":[{"embeddable":true,"href":"https:\/\/minisvetukrtecka.cz\/krenice\/wp-json\/wp\/v2\/comments?post=13"}],"version-history":[{"count":15,"href":"https:\/\/minisvetukrtecka.cz\/krenice\/wp-json\/wp\/v2\/pages\/13\/revisions"}],"predecessor-version":[{"id":1673,"href":"https:\/\/minisvetukrtecka.cz\/krenice\/wp-json\/wp\/v2\/pages\/13\/revisions\/1673"}],"wp:attachment":[{"href":"https:\/\/minisvetukrtecka.cz\/krenice\/wp-json\/wp\/v2\/media?parent=13"}],"curies":[{"name":"wp","href":"https:\/\/api.w.org\/{rel}","templated":true}]}}