{"id":28,"date":"2018-07-17T20:17:59","date_gmt":"2018-07-17T18:17:59","guid":{"rendered":"http:\/\/minisvetukrtecka.cz\/domains\/minisvetukrtecka.cz\/beroun\/?page_id=28"},"modified":"2026-05-14T19:47:45","modified_gmt":"2026-05-14T17:47:45","slug":"jidelni-listek","status":"publish","type":"page","link":"https:\/\/minisvetukrtecka.cz\/beroun\/jidelni-listek\/","title":{"rendered":"J\u00eddeln\u00ed l\u00edstek"},"content":{"rendered":"<p><strong><span style=\"color: #ff6600;\">18.05<\/span><\/strong><strong><span style=\"color: #ff6600;\">.2026 &#8211; Pond\u011bl\u00ed<\/span><\/strong><\/p>\n<div>\n<div>1. sva\u010dinka: r\u00fd\u017eov\u00fd chl\u00e9b, pomaz\u00e1nkov\u00e9 m\u00e1slo, jablko, ml\u00e9ko, \u010daj \u2013 01, 07<\/div>\n<div>2. ob\u011bd: pol\u00e9vka: brokolicov\u00e1 \u2013 07<\/div>\n<div>ku\u0159ec\u00ed nudli\u010dky, sladkokysel\u00e1 om\u00e1\u010dka, jasm\u00ednov\u00e1 r\u00fd\u017ee \u2013 06, 12<\/div>\n<div>3. p\u0159esn\u00edd\u00e1vka: chl\u00e9b, \u0161unkov\u00e1 pomaz\u00e1nka, okurka, \u010daj \u2013 01, 07<\/div>\n<\/div>\n<p><strong style=\"font-size: revert; color: initial;\"><span style=\"color: #ff6600;\">19.05<\/span><\/strong><strong style=\"font-size: revert; color: initial;\"><span style=\"color: #ff6600;\">.2026 &#8211; \u00dater\u00fd<\/span><\/strong><\/p>\n<div>\n<div>1. sva\u010dinka: veka, \u010desnekov\u00e1 pomaz\u00e1nka, pomeran\u010d, ml\u00e9ko, \u010daj \u2013 01, 03, 07, 10<\/div>\n<div>2. ob\u011bd: pol\u00e9vka: zeleninov\u00e1 \u2013 01<\/div>\n<div>\u0161pagety po uhl\u00ed\u0159sku, s\u00fdr \u2013 01, 03, 07<\/div>\n<div>3. p\u0159esn\u00edd\u00e1vka:\u00a0 \u00a0 kuku\u0159i\u010dn\u00fd pl\u00e1tek, paprikov\u00e9 \u017eerv\u00e9, raj\u010de, \u010daj \u2013 01, 07<\/div>\n<div>\u00a0<\/div>\n<\/div>\n<p><strong style=\"font-size: revert; color: initial;\"><span style=\"color: #ff6600;\">20.05.2026 &#8211; St\u0159eda<\/span><\/strong><\/p>\n<div>\n<div>1. sva\u010dinka: chl\u00e9b s m\u00e1slem a medem, ban\u00e1n, ml\u00e9ko, \u010daj \u2013 01, 07<\/div>\n<div>2. ob\u011bd: pol\u00e9vka: kr\u00e9mov\u00e1 z pe\u010den\u00e9 zeleniny \u2013 07, 09, 12<\/div>\n<div>ku\u0159ec\u00ed z\u00e1vitek, r\u00fd\u017ee, zelenina \u2013 07<\/div>\n<div>3. p\u0159esn\u00edd\u00e1vka: kuku\u0159i\u010dn\u00e9 k\u0159upky, zeleninov\u00fd tal\u00ed\u0159, \u010daj \u2013 01<\/div>\n<\/div>\n<p><strong style=\"font-size: revert; color: initial;\"><span style=\"color: #ff6600;\">21<\/span><\/strong><strong style=\"font-size: revert; color: initial;\"><span style=\"color: #ff6600;\">.05.2026 &#8211; \u010ctvrtek<\/span><\/strong><\/p>\n<div>\n<div>1. sva\u010dinka: lup\u00ednky s ml\u00e9kem, mandarinka, \u010daj \u2013 01, 07 <br \/>2. ob\u011bd: pol\u00e9vka: zeln\u00e1 b\u00edl\u00e1 se slaninou \u2013 01, 07 <br \/>sv\u00ed\u010dkov\u00e1, houskov\u00fd knedl\u00edk \u2013 01, 07, 09, 10 <br \/>3. p\u0159esn\u00edd\u00e1vka: \u017eitn\u00fd chl\u00e9b, \u017eerv\u00e9, paprika, ml\u00e9ko, \u010daj \u2013 01, 07 <\/div>\n<div>\u00a0<\/div>\n<\/div>\n<p><strong style=\"font-size: revert; color: initial;\"><span style=\"color: #ff6600;\">22.05.2026 &#8211; P\u00e1tek<\/span><\/strong><\/p>\n<div>1. sva\u010dinka: toustov\u00fd chl\u00e9b, tu\u0148\u00e1kov\u00e1 pomaz\u00e1nka, kedlubna, \u010daj \u2013 01, 03, 04, 07, 10 <br \/>2. ob\u011bd: pol\u00e9vka: zeleninov\u00fd v\u00fdvar \u2013 09, 12 <br \/>\u010devap\u010di\u010di, brambory, zeleninov\u00e1 obloha \u2013 01, 03, 10 <br \/>3. p\u0159esn\u00edd\u00e1vka: kn\u00e4ckebrot, m\u00e1slo, hroznov\u00e9 v\u00edno, ml\u00e9ko, \u010daj \u2013 01, 07, 11 <\/div>\n<p><span style=\"font-size: inherit;\">V\u0161echny alergeny naleznete zde: <\/span><span style=\"color: #ffffff;\"><a style=\"color: #ffffff;\" href=\"http:\/\/minisvetukrtecka.cz\/beroun\/wp-content\/uploads\/sites\/4\/2018\/10\/alergeny.pdf\">alergeny<\/a><\/span><\/p>\n\n\n<p><\/p>\n","protected":false},"excerpt":{"rendered":"<p>18.05.2026 &#8211; Pond\u011bl\u00ed 1. sva\u010dinka: r\u00fd\u017eov\u00fd chl\u00e9b, pomaz\u00e1nkov\u00e9 m\u00e1slo, jablko, ml\u00e9ko, \u010daj \u2013 01, 07 2. ob\u011bd: pol\u00e9vka: brokolicov\u00e1 \u2013 07 ku\u0159ec\u00ed nudli\u010dky, sladkokysel\u00e1 om\u00e1\u010dka, jasm\u00ednov\u00e1 r\u00fd\u017ee \u2013 06, 12 3. p\u0159esn\u00edd\u00e1vka: chl\u00e9b, \u0161unkov\u00e1 pomaz\u00e1nka, okurka, \u010daj \u2013 01, 07 19.05.2026 &#8211; \u00dater\u00fd 1. sva\u010dinka: veka, \u010desnekov\u00e1 pomaz\u00e1nka, pomeran\u010d, ml\u00e9ko, \u010daj \u2013 01, 03, 07, [&hellip;]<\/p>\n","protected":false},"author":1,"featured_media":0,"parent":0,"menu_order":0,"comment_status":"closed","ping_status":"closed","template":"","meta":{"footnotes":""},"class_list":["post-28","page","type-page","status-publish","hentry"],"_links":{"self":[{"href":"https:\/\/minisvetukrtecka.cz\/beroun\/wp-json\/wp\/v2\/pages\/28","targetHints":{"allow":["GET"]}}],"collection":[{"href":"https:\/\/minisvetukrtecka.cz\/beroun\/wp-json\/wp\/v2\/pages"}],"about":[{"href":"https:\/\/minisvetukrtecka.cz\/beroun\/wp-json\/wp\/v2\/types\/page"}],"author":[{"embeddable":true,"href":"https:\/\/minisvetukrtecka.cz\/beroun\/wp-json\/wp\/v2\/users\/1"}],"replies":[{"embeddable":true,"href":"https:\/\/minisvetukrtecka.cz\/beroun\/wp-json\/wp\/v2\/comments?post=28"}],"version-history":[{"count":422,"href":"https:\/\/minisvetukrtecka.cz\/beroun\/wp-json\/wp\/v2\/pages\/28\/revisions"}],"predecessor-version":[{"id":1765,"href":"https:\/\/minisvetukrtecka.cz\/beroun\/wp-json\/wp\/v2\/pages\/28\/revisions\/1765"}],"wp:attachment":[{"href":"https:\/\/minisvetukrtecka.cz\/beroun\/wp-json\/wp\/v2\/media?parent=28"}],"curies":[{"name":"wp","href":"https:\/\/api.w.org\/{rel}","templated":true}]}}