{"id":25,"date":"2018-07-17T20:17:43","date_gmt":"2018-07-17T18:17:43","guid":{"rendered":"http:\/\/minisvetukrtecka.cz\/domains\/minisvetukrtecka.cz\/beroun\/?page_id=25"},"modified":"2026-05-15T08:13:12","modified_gmt":"2026-05-15T06:13:12","slug":"nas-tym","status":"publish","type":"page","link":"https:\/\/minisvetukrtecka.cz\/beroun\/nas-tym\/","title":{"rendered":"N\u00e1\u0161 t\u00fdm"},"content":{"rendered":"<p><strong><span style=\"color: #ff6600;\">\u0159editelka za\u0159\u00edzen\u00ed:\u00a0<span style=\"color: #ffffff;\"><em>Mgr. Ing. Milada St\u00e1rkov\u00e1<\/em><\/span><\/span><\/strong><\/p>\n<p>SZZ V\u0160E, SZZ speci\u00e1ln\u00ed pedagogika, \u0159editelka \u0161koly, \u010dlenka Dys-centra Praha, certifikace Dynamic assessment of young children &#8211; Dynamick\u00e9 vy\u0161et\u0159en\u00ed d\u011bt\u00ed p\u0159ed\u0161koln\u00edho a mlad\u0161\u00edho \u0161koln\u00edho v\u011bku, metoda prof. Feuersteina, certifikace Mensa international \u010cR &#8211; NTC Learning, certifikace \u0160koln\u00ed zralost, certifikace syndrom CAN, certifikace Prvn\u00ed pomoc, certifikace D\u011bti s ADHD, certifikace Rozvoj \u0159e\u010dov\u00fdch dovednost\u00ed u d\u011bt\u00ed, certifikace Montessori pedagogika, certifikace mezin\u00e1rodn\u00ed spolupr\u00e1ce Cesta k inkluzi, kurz Zvl\u00e1d\u00e1n\u00ed konfliktn\u00edch situac\u00ed<\/p>\n<p><strong><span style=\"color: #ff6600;\">vedouc\u00ed pe\u010duj\u00edc\u00ed: <span style=\"color: #ffffff;\"><em>Michaela Habigerov\u00e1<\/em><\/span><\/span><\/strong><\/p>\n<p>pedagog, osv\u011bd\u010den\u00ed z Probl\u00e9mov\u00e9 chov\u00e1n\u00ed d\u011bt\u00ed p\u0159ed\u0161koln\u00edho v\u011bku<\/p>\n<p><strong><span style=\"color: #ff6600;\">pe\u010duj\u00edc\u00ed: <\/span><span style=\"color: #ff6600;\"><span style=\"color: #ffffff;\"><i>B\u00e1ra Blajanova<\/i><\/span><\/span><\/strong><\/p>\n<p>profesn\u00ed kvalifikace Ch\u016fva pro d\u011bti do zah\u00e1jen\u00ed povinn\u00e9 \u0161koln\u00ed doch\u00e1zky, osv\u011bd\u010den\u00ed z Jak na rozvoj pohybov\u00fdch dovednost\u00ed d\u011bt\u00ed p\u0159ed\u0161koln\u00edho v\u011bku<\/p>\n","protected":false},"excerpt":{"rendered":"<p>\u0159editelka za\u0159\u00edzen\u00ed:\u00a0Mgr. Ing. Milada St\u00e1rkov\u00e1 SZZ V\u0160E, SZZ speci\u00e1ln\u00ed pedagogika, \u0159editelka \u0161koly, \u010dlenka Dys-centra Praha, certifikace Dynamic assessment of young children &#8211; Dynamick\u00e9 vy\u0161et\u0159en\u00ed d\u011bt\u00ed p\u0159ed\u0161koln\u00edho a mlad\u0161\u00edho \u0161koln\u00edho v\u011bku, metoda prof. Feuersteina, certifikace Mensa international \u010cR &#8211; NTC Learning, certifikace \u0160koln\u00ed zralost, certifikace syndrom CAN, certifikace Prvn\u00ed pomoc, certifikace D\u011bti s ADHD, certifikace Rozvoj [&hellip;]<\/p>\n","protected":false},"author":1,"featured_media":0,"parent":0,"menu_order":0,"comment_status":"closed","ping_status":"closed","template":"","meta":{"footnotes":""},"class_list":["post-25","page","type-page","status-publish","hentry"],"_links":{"self":[{"href":"https:\/\/minisvetukrtecka.cz\/beroun\/wp-json\/wp\/v2\/pages\/25","targetHints":{"allow":["GET"]}}],"collection":[{"href":"https:\/\/minisvetukrtecka.cz\/beroun\/wp-json\/wp\/v2\/pages"}],"about":[{"href":"https:\/\/minisvetukrtecka.cz\/beroun\/wp-json\/wp\/v2\/types\/page"}],"author":[{"embeddable":true,"href":"https:\/\/minisvetukrtecka.cz\/beroun\/wp-json\/wp\/v2\/users\/1"}],"replies":[{"embeddable":true,"href":"https:\/\/minisvetukrtecka.cz\/beroun\/wp-json\/wp\/v2\/comments?post=25"}],"version-history":[{"count":24,"href":"https:\/\/minisvetukrtecka.cz\/beroun\/wp-json\/wp\/v2\/pages\/25\/revisions"}],"predecessor-version":[{"id":1768,"href":"https:\/\/minisvetukrtecka.cz\/beroun\/wp-json\/wp\/v2\/pages\/25\/revisions\/1768"}],"wp:attachment":[{"href":"https:\/\/minisvetukrtecka.cz\/beroun\/wp-json\/wp\/v2\/media?parent=25"}],"curies":[{"name":"wp","href":"https:\/\/api.w.org\/{rel}","templated":true}]}}