{"id":21,"date":"2018-07-17T20:17:27","date_gmt":"2018-07-17T18:17:27","guid":{"rendered":"http:\/\/minisvetukrtecka.cz\/domains\/minisvetukrtecka.cz\/beroun\/?page_id=21"},"modified":"2025-09-08T23:15:26","modified_gmt":"2025-09-08T21:15:26","slug":"cenik","status":"publish","type":"page","link":"https:\/\/minisvetukrtecka.cz\/beroun\/cenik\/","title":{"rendered":"Cen\u00edk"},"content":{"rendered":"<p>Dotovan\u00e9 \u0161koln\u00e9 a stravn\u00e9 najdete ve v provozn\u00edm \u0159\u00e1du:<span style=\"color: #ffffff;\"><strong> <a style=\"color: #ffffff;\" href=\"https:\/\/minisvetukrtecka.cz\/beroun\/wp-content\/uploads\/sites\/4\/2025\/09\/Provozni-rad-MUSK-Beroun-2025-2026-MPSV.doc\">Provozn\u00ed-\u0159\u00e1d-MUSK-Beroun-2025-2026 MPSV<\/a><\/strong><\/span><\/p>\n\n\n<p><\/p>\n","protected":false},"excerpt":{"rendered":"<p>Dotovan\u00e9 \u0161koln\u00e9 a stravn\u00e9 najdete ve v provozn\u00edm \u0159\u00e1du: Provozn\u00ed-\u0159\u00e1d-MUSK-Beroun-2025-2026 MPSV<\/p>\n","protected":false},"author":1,"featured_media":0,"parent":0,"menu_order":0,"comment_status":"closed","ping_status":"closed","template":"","meta":{"footnotes":""},"class_list":["post-21","page","type-page","status-publish","hentry"],"_links":{"self":[{"href":"https:\/\/minisvetukrtecka.cz\/beroun\/wp-json\/wp\/v2\/pages\/21","targetHints":{"allow":["GET"]}}],"collection":[{"href":"https:\/\/minisvetukrtecka.cz\/beroun\/wp-json\/wp\/v2\/pages"}],"about":[{"href":"https:\/\/minisvetukrtecka.cz\/beroun\/wp-json\/wp\/v2\/types\/page"}],"author":[{"embeddable":true,"href":"https:\/\/minisvetukrtecka.cz\/beroun\/wp-json\/wp\/v2\/users\/1"}],"replies":[{"embeddable":true,"href":"https:\/\/minisvetukrtecka.cz\/beroun\/wp-json\/wp\/v2\/comments?post=21"}],"version-history":[{"count":18,"href":"https:\/\/minisvetukrtecka.cz\/beroun\/wp-json\/wp\/v2\/pages\/21\/revisions"}],"predecessor-version":[{"id":1610,"href":"https:\/\/minisvetukrtecka.cz\/beroun\/wp-json\/wp\/v2\/pages\/21\/revisions\/1610"}],"wp:attachment":[{"href":"https:\/\/minisvetukrtecka.cz\/beroun\/wp-json\/wp\/v2\/media?parent=21"}],"curies":[{"name":"wp","href":"https:\/\/api.w.org\/{rel}","templated":true}]}}