{"id":13,"date":"2018-07-17T17:15:45","date_gmt":"2018-07-17T15:15:45","guid":{"rendered":"http:\/\/minisvetukrtecka.cz\/domains\/minisvetukrtecka.cz\/skolka3\/?page_id=13"},"modified":"2026-01-26T20:01:11","modified_gmt":"2026-01-26T19:01:11","slug":"kontakt","status":"publish","type":"page","link":"https:\/\/minisvetukrtecka.cz\/beroun\/kontakt\/","title":{"rendered":"Kontakt"},"content":{"rendered":"<p><iframe loading=\"lazy\" style=\"border: 0;\" src=\"https:\/\/www.google.com\/maps\/embed?pb=!1m18!1m12!1m3!1d2566.2750917354233!2d14.075172015864032!3d49.9686994298401!2m3!1f0!2f0!3f0!3m2!1i1024!2i768!4f13.1!3m3!1m2!1s0x470ba53f88b01065%3A0xd7e0ecf95127b666!2sPod+Haldou+306%2F7%2C+Z%C3%A1vod%C3%AD%2C+266+01+Beroun!5e0!3m2!1scs!2scz!4v1531884795933\" width=\"70%\" height=\"450\" frameborder=\"0\" allowfullscreen=\"allowfullscreen\"><span data-mce-type=\"bookmark\" style=\"display: inline-block; width: 0px; overflow: hidden; line-height: 0;\" class=\"mce_SELRES_start\"><span data-mce-type=\"bookmark\" style=\"display: inline-block; width: 0px; overflow: hidden; line-height: 0;\" class=\"mce_SELRES_start\">\ufeff<\/span>\ufeff<\/span><\/iframe><\/p>\n<p><strong><span style=\"color: #ff6600;\">Minisv\u011bt u Krte\u010dka Beroun, d\u011btsk\u00e1 skupina, Beroun &#8211; Z\u00e1vod\u00ed, PS\u010c 266 01<\/span><\/strong><\/p>\n<p>I\u010cO:\u00a0 05507901, DI\u010c: CZ05507901<\/p>\n<p><strong><span style=\"color: #ff6600;\">Spojen\u00ed:<\/span><\/strong><\/p>\n<p>Stanislav St\u00e1rek &#8211; provozn\u00ed mana\u017eer: 727873411 \/ musk-zs@seznam.cz<\/p>\n<p>provozovna: 727873419<\/p>\n<p><strong><span style=\"color: #ff6600;\">ID datov\u00e9 schr\u00e1nky:<\/span> <\/strong>fusud5h<\/p>\n<p><strong><span style=\"color: #ff6600;\">Bankovn\u00ed spojen\u00ed:<\/span><\/strong>246253075\/0600<\/p>\n","protected":false},"excerpt":{"rendered":"<p>\ufeff\ufeff Minisv\u011bt u Krte\u010dka Beroun, d\u011btsk\u00e1 skupina, Beroun &#8211; Z\u00e1vod\u00ed, PS\u010c 266 01 I\u010cO:\u00a0 05507901, DI\u010c: CZ05507901 Spojen\u00ed: Stanislav St\u00e1rek &#8211; provozn\u00ed mana\u017eer: 727873411 \/ musk-zs@seznam.cz provozovna: 727873419 ID datov\u00e9 schr\u00e1nky: fusud5h Bankovn\u00ed spojen\u00ed:246253075\/0600<\/p>\n","protected":false},"author":1,"featured_media":0,"parent":0,"menu_order":5,"comment_status":"closed","ping_status":"closed","template":"","meta":{"footnotes":""},"class_list":["post-13","page","type-page","status-publish","hentry"],"_links":{"self":[{"href":"https:\/\/minisvetukrtecka.cz\/beroun\/wp-json\/wp\/v2\/pages\/13","targetHints":{"allow":["GET"]}}],"collection":[{"href":"https:\/\/minisvetukrtecka.cz\/beroun\/wp-json\/wp\/v2\/pages"}],"about":[{"href":"https:\/\/minisvetukrtecka.cz\/beroun\/wp-json\/wp\/v2\/types\/page"}],"author":[{"embeddable":true,"href":"https:\/\/minisvetukrtecka.cz\/beroun\/wp-json\/wp\/v2\/users\/1"}],"replies":[{"embeddable":true,"href":"https:\/\/minisvetukrtecka.cz\/beroun\/wp-json\/wp\/v2\/comments?post=13"}],"version-history":[{"count":33,"href":"https:\/\/minisvetukrtecka.cz\/beroun\/wp-json\/wp\/v2\/pages\/13\/revisions"}],"predecessor-version":[{"id":1687,"href":"https:\/\/minisvetukrtecka.cz\/beroun\/wp-json\/wp\/v2\/pages\/13\/revisions\/1687"}],"wp:attachment":[{"href":"https:\/\/minisvetukrtecka.cz\/beroun\/wp-json\/wp\/v2\/media?parent=13"}],"curies":[{"name":"wp","href":"https:\/\/api.w.org\/{rel}","templated":true}]}}